{"id":8055,"date":"2023-06-14T15:22:27","date_gmt":"2023-06-14T15:22:27","guid":{"rendered":"https:\/\/palacecasino.eu\/vip-room\/"},"modified":"2023-09-15T22:17:14","modified_gmt":"2023-09-15T22:17:14","slug":"vip-room","status":"publish","type":"page","link":"https:\/\/palacecasino.eu\/en\/vip-room\/","title":{"rendered":"VIP ROOM"},"content":{"rendered":"<div class=\"wpb-content-wrapper\"><p>[vc_row tm_bgimagefixed=&#8221;&#8221; break_in_responsive=&#8221;991&#8243; equal_height=&#8221;yes&#8221; css=&#8221;.vc_custom_1689235667243{padding-top: 50px !important;padding-bottom: 100px !important;}&#8221; tm_responsive_css=&#8221;97918774|colbreak_no|||||55||25||colbreak_no|||||||||colbreak_no||||||||||colbreak_no|||||||||&#8221; el_class=&#8221;vc_hidden-md vc_hidden-sm vc_hidden-xs&#8221;][vc_column reduce_extra_padding=&#8221;991&#8243; width=&#8221;1\/2&#8243; css=&#8221;.vc_custom_1689235616299{padding-right: 50px !important;}&#8221; el_class=&#8221;tm-topleft-iconbox&#8221; tm_responsive_css=&#8221;40796190|colbreak_no||||||15||40|colbreak_no|||||30||||colbreak_no||||||||||colbreak_no|||||||||&#8221; offset=&#8221;vc_hidden-md vc_hidden-sm vc_hidden-xs&#8221;]<div class=\"tm-element-heading-wrapper tm-heading-inner tm-element-align-center tm-seperator-center_icon tm-heading-style-vertical \"><section class=\"tm-vc_cta3-container\"><div class=\"tm-vc_general tm-vc_cta3 tm-cta3-only tm-vc_cta3-style-classic tm-vc_cta3-shape-rounded tm-vc_cta3-align-center tm-vc_cta3-color-transparent tm-vc_cta3-icon-size-md tm-vc_cta3-actions-no tm-cta3-without-desc\"><div class=\"tm-vc_cta3_content-container\"><div class=\"tm-vc_cta3-content\"><div class=\"tm-vc_cta3-content-header tm-wrap\"><div class=\"tm-vc_cta3-headers tm-wrap-cell\"><h4 class=\"tm-custom-heading \" >PALACE CASINO<\/h4>\n<h2 class=\"tm-custom-heading \" >PRIVATE VIP ROOM<\/h2>\n<\/div><div class=\"heading-seperator\"><span><\/span><\/div><\/div><\/div><\/div><\/div><\/section><\/div> <!-- .tm-element-heading-wrapper container --> [vc_column_text]Located <span class=\"word\" data-words=\"la,l\u0103\">on the<\/span> first floor <span class=\"word\" data-words=\"al,\u0103l\">of the<\/span> impressive building on <span class=\"word\" data-words=\"Calea,C\u0103lea\">Calea<\/span> Victoriei, this private <span class=\"word\" data-words=\"salon,\u0219alon\">salon<\/span> has been specially designed to offer a unique experience. The <span class=\"word\" data-words=\"far\u0103,f\u0103r\u0103,fara\">unparalleled<\/span> intimacy and excitement of the unlimited stakes and unbeatable winnings turn the passion of the game into a memorable adventure.<\/p>\n<p>The private <span class=\"word\" data-words=\"Zona,Zon\u0103\">area<\/span> <span class=\"word\" data-words=\"la,l\u0103\">offers<\/span> a card table where guests can choose from four games of Poker <span class=\"word\" data-words=\"sau,s\u0103u,\u0219au\">or<\/span> even Blackjack. There is also a roulette table, where the stakes <span class=\"word\" data-words=\"sunt,\u0219unt\">are<\/span> limited only by each player&#8217;s preferences.<\/p>\n<p><span class=\"word\" data-words=\"Masa,Mas\u0103,Ma\u0219a,Ma\u0219\u0103,M\u0103sa\">Electronic gaming enthusiasts also benefit from high limit machines in this private area. Mass<\/span>  restaurant, with VIP menu included, satisfies the refined tastes and requirements of guests.<\/p>\n<p><span class=\"word modified\" data-words=\"Solicit\u0103,Solicita\">Ask<\/span> the <span class=\"word\" data-words=\"loca\u021biei,locatiei\">venue<\/span> staff for access to <span class=\"word\" data-words=\"\u00een,in\">the<\/span> PRIVATE VIP ROOM.[\/vc_column_text][\/vc_column][vc_column reduce_extra_padding=&#8221;991&#8243; tm_bgimage_position=&#8221;left_top&#8221; width=&#8221;1\/2&#8243; css=&#8221;.vc_custom_1689235622789{background-position: 0 0 !important;background-repeat: no-repeat !important;}&#8221; tm_responsive_css=&#8221;53366639|colbreak_no||||-1|||||colbreak_no|||||||||colbreak_no||||||||||colbreak_no|||||||||&#8221; offset=&#8221;vc_hidden-md vc_hidden-sm vc_hidden-xs&#8221;][vc_row_inner tm_responsive_css=&#8221;10182999|colbreak_no||-30|||||||colbreak_no||0|||||||colbreak_no||||||||||colbreak_no|||||||||&#8221;][vc_column_inner][vc_single_image image=&#8221;6937&#8243; img_size=&#8221;600&#215;630&#8243;][\/vc_column_inner][\/vc_row_inner][\/vc_column][\/vc_row][vc_row tm_bgimagefixed=&#8221;&#8221; break_in_responsive=&#8221;991&#8243; equal_height=&#8221;yes&#8221; css=&#8221;.vc_custom_1689323986263{padding-bottom: 100px !important;}&#8221; tm_responsive_css=&#8221;97918774|colbreak_no|||||55||25||colbreak_no|||||||||colbreak_no||||||||||colbreak_no|||||||||&#8221; el_class=&#8221;vc_hidden-lg&#8221;][vc_column reduce_extra_padding=&#8221;991&#8243; css=&#8221;.vc_custom_1689324022001{margin-top: -50px !important;padding-right: 50px !important;}&#8221; el_class=&#8221;tm-topleft-iconbox&#8221; tm_responsive_css=&#8221;40796190|colbreak_no||||||15||40|colbreak_no|||||30||||colbreak_no||||||||||colbreak_no|||||||||&#8221; offset=&#8221;vc_hidden-lg&#8221;]<div class=\"tm-element-heading-wrapper tm-heading-inner tm-element-align-center tm-seperator-center_icon tm-heading-style-vertical \"><section class=\"tm-vc_cta3-container\"><div class=\"tm-vc_general tm-vc_cta3 tm-cta3-only tm-vc_cta3-style-classic tm-vc_cta3-shape-rounded tm-vc_cta3-align-center tm-vc_cta3-color-transparent tm-vc_cta3-icon-size-md tm-vc_cta3-actions-no tm-cta3-without-desc\"><div class=\"tm-vc_cta3_content-container\"><div class=\"tm-vc_cta3-content\"><div class=\"tm-vc_cta3-content-header tm-wrap\"><div class=\"tm-vc_cta3-headers tm-wrap-cell\"><h4 class=\"tm-custom-heading \" >PALACE CASINO<\/h4>\n<h2 class=\"tm-custom-heading \" >PRIVATE VIP ROOM<\/h2>\n<\/div><div class=\"heading-seperator\"><span><\/span><\/div><\/div><\/div><\/div><\/div><\/section><\/div> <!-- .tm-element-heading-wrapper container --> [vc_column_text]Located <span class=\"word\" data-words=\"la,l\u0103\">on the<\/span> first floor <span class=\"word\" data-words=\"al,\u0103l\">of the<\/span> impressive building on <span class=\"word\" data-words=\"Calea,C\u0103lea\">Calea<\/span> Victoriei, this private <span class=\"word\" data-words=\"salon,\u0219alon\">salon<\/span> has been specially designed to offer a unique experience. The <span class=\"word\" data-words=\"far\u0103,f\u0103r\u0103,fara\">unparalleled<\/span> intimacy and excitement of the unlimited stakes and unbeatable winnings turn the passion of the game into a memorable adventure.<\/p>\n<p>The private <span class=\"word\" data-words=\"Zona,Zon\u0103\">area<\/span> <span class=\"word\" data-words=\"la,l\u0103\">offers<\/span> a card table where guests can choose from four games of Poker <span class=\"word\" data-words=\"sau,s\u0103u,\u0219au\">or<\/span> even Blackjack. There is also a roulette table, where the stakes <span class=\"word\" data-words=\"sunt,\u0219unt\">are<\/span> limited only by each player&#8217;s preferences.<\/p>\n<p><span class=\"word\" data-words=\"Masa,Mas\u0103,Ma\u0219a,Ma\u0219\u0103,M\u0103sa\">Electronic gaming enthusiasts also benefit from high limit machines in this private area. Mass<\/span>  restaurant, with VIP menu included, satisfies the refined tastes and requirements of guests.<\/p>\n<p><span class=\"word modified\" data-words=\"Solicit\u0103,Solicita\">Ask<\/span> the <span class=\"word\" data-words=\"loca\u021biei,locatiei\">venue<\/span> staff for access to <span class=\"word\" data-words=\"\u00een,in\">the<\/span> PRIVATE VIP ROOM.[\/vc_column_text][vc_single_image image=&#8221;6937&#8243; img_size=&#8221;600&#215;630&#8243; alignment=&#8221;center&#8221;][\/vc_column][\/vc_row][vc_row tm_bgcolor=&#8221;grey&#8221; tm_bgimagefixed=&#8221;&#8221; full_width=&#8221;stretch_row_content&#8221; css=&#8221;.vc_custom_1687164795074{padding-top: 100px !important;padding-bottom: 100px !important;}&#8221; tm_responsive_css=&#8221;85878794|colbreak_no|||||||||colbreak_no|||||50px||35px||colbreak_no||||||||||colbreak_no|||||||||&#8221; el_id=&#8221;about&#8221;][vc_column]<div class=\"tm-element-heading-wrapper tm-heading-inner tm-element-align-center tm-seperator-center_icon tm-heading-style-vertical  vc_custom_1688020013305\"><section class=\"tm-vc_cta3-container\"><div class=\"tm-vc_general tm-vc_cta3 tm-cta3-only tm-vc_cta3-style-classic tm-vc_cta3-shape-rounded tm-vc_cta3-align-center tm-vc_cta3-color-transparent tm-vc_cta3-icon-size-md tm-vc_cta3-actions-no tm-cta3-without-desc\"><div class=\"tm-vc_cta3_content-container\"><div class=\"tm-vc_cta3-content\"><div class=\"tm-vc_cta3-content-header tm-wrap\"><div class=\"tm-vc_cta3-headers tm-wrap-cell\"><h4 class=\"tm-custom-heading \" >PALACE CASINO<\/h4>\n<h2 class=\"tm-custom-heading \" >EXCLUSIV VIP ROOM<\/h2>\n<\/div><div class=\"heading-seperator\"><span><\/span><\/div><\/div><\/div><\/div><\/div><\/section><\/div> <!-- .tm-element-heading-wrapper container --> [vc_row_inner css=&#8221;.vc_custom_1573800973029{margin-top: -20px !important;}&#8221;][vc_column_inner width=&#8221;2\/12&#8243;][\/vc_column_inner][vc_column_inner width=&#8221;8\/12&#8243; css=&#8221;.vc_custom_1687163149433{padding-right: 50px !important;padding-left: 50px !important;}&#8221; tm_responsive_css=&#8221;55886397|colbreak_no|||||||||colbreak_no||||||15px||15px|colbreak_no||||||||||colbreak_no|||||||||&#8221;][vc_column_text css=&#8221;.vc_custom_1688020340192{margin-bottom: 25px !important;}&#8221;]<\/p>\n<p style=\"text-align: center;\"><span class=\"word\" data-words=\"La,L\u0103\">On the<\/span> ground floor of the Vernescu <span class=\"word\" data-words=\"Casei,Ca\u0219ei,C\u00e2\u0219ei\">House<\/span>, in the VIP ROOM, gambling enthusiasts can <span class=\"word\" data-words=\"experiment\u0103,experimenta\">experience<\/span> live <span class=\"word\" data-words=\"rulet\u0103,ruleta\">roulette<\/span>, where unlimited stakes provide a dose of adrenaline for an incredible experience.  The private <span class=\"word\" data-words=\"Zona,Zon\u0103\">area<\/span> has been specifically designed to be a place for private parties, offering a generous area for the comfort and entertainment of guests.<\/p>\n<p style=\"text-align: center;\">For fans of Caribbean Poker, Ultimate Poker, Dracula Poker, Palace Poker <span class=\"word\" data-words=\"sau,s\u0103u,\u0219au\">or<\/span> Blackjack, there is a special table where they can <span class=\"word\" data-words=\"juca,juc\u0103\">play in<\/span> peace and quiet without being disturbed by other participants in the main <span class=\"word\" data-words=\"sala,sal\u0103,\u0219al\u0103\">room<\/span>. Also here, the Palace Casino has set up an area dedicated to electronic games.<\/p>\n<p style=\"text-align: center;\">The restaurant <span class=\"word\" data-words=\"Masa,Mas\u0103,Ma\u0219a,Ma\u0219\u0103,M\u0103sa\">table<\/span>, with VIP menu included, and lounge <span class=\"word\" data-words=\"zona,zon\u0103\">area<\/span> perfectly complete the recipe for a memorable private party <span class=\"word\" data-words=\"sau,s\u0103u,\u0219au\">or<\/span> exciting gaming session.<\/p>\n<p style=\"text-align: center;\"><span class=\"word\" data-words=\"\u00centreab\u0103,Intreaba\">Ask<\/span> <span class=\"word\" data-words=\"la,l\u0103\">your<\/span> staff <span class=\"word\" data-words=\"\u00centreab\u0103,Intreaba\">for<\/span> <span class=\"word\" data-words=\"mai,m\u0103i,m\u00e2i\">more<\/span> details <span class=\"word\" data-words=\"\u0219i,si\">and<\/span> <span class=\"word\" data-words=\"dep\u0103\u0219e\u0219te,depaseste\">overcome<\/span> <span class=\"word\" data-words=\"barier\u0103,bariera\">the barrier of<\/span> <span class=\"word\" data-words=\"emo\u021biilor,emotiilor\">emotions<\/span>.<\/p>\n<p>[\/vc_column_text][\/vc_column_inner][vc_column_inner width=&#8221;2\/12&#8243;][\/vc_column_inner][\/vc_row_inner][vc_row_inner][vc_column_inner width=&#8221;1\/3&#8243;][vc_single_image image=&#8221;6965&#8243; img_size=&#8221;full&#8221; alignment=&#8221;center&#8221; onclick=&#8221;link_image&#8221;][\/vc_column_inner][vc_column_inner width=&#8221;1\/3&#8243;][vc_single_image image=&#8221;6966&#8243; img_size=&#8221;full&#8221; alignment=&#8221;center&#8221; onclick=&#8221;link_image&#8221;][\/vc_column_inner][vc_column_inner width=&#8221;1\/3&#8243;][vc_single_image image=&#8221;6964&#8243; img_size=&#8221;full&#8221; alignment=&#8221;center&#8221; onclick=&#8221;link_image&#8221;][\/vc_column_inner][\/vc_row_inner][\/vc_column][\/vc_row][vc_row tm_bgimagefixed=&#8221;&#8221; break_in_responsive=&#8221;991&#8243; equal_height=&#8221;yes&#8221; css=&#8221;.vc_custom_1689235788015{padding-top: 100px !important;padding-bottom: 100px !important;}&#8221; tm_responsive_css=&#8221;97918774|colbreak_no|||||55||25||colbreak_no|||||||||colbreak_no||||||||||colbreak_no|||||||||&#8221; el_class=&#8221;vc_hidden-md vc_hidden-sm vc_hidden-xs&#8221;][vc_column reduce_extra_padding=&#8221;991&#8243; width=&#8221;1\/2&#8243; css=&#8221;.vc_custom_1689235764551{padding-right: 50px !important;}&#8221; el_class=&#8221;tm-topleft-iconbox&#8221; tm_responsive_css=&#8221;40796190|colbreak_no||||||15||40|colbreak_no|||||30||||colbreak_no||||||||||colbreak_no|||||||||&#8221; offset=&#8221;vc_hidden-md vc_hidden-sm vc_hidden-xs&#8221;]<div class=\"tm-element-heading-wrapper tm-heading-inner tm-element-align-center tm-seperator-center_icon tm-heading-style-vertical  vc_custom_1688032903700\"><section class=\"tm-vc_cta3-container\"><div class=\"tm-vc_general tm-vc_cta3 tm-cta3-only tm-vc_cta3-style-classic tm-vc_cta3-shape-rounded tm-vc_cta3-align-center tm-vc_cta3-color-transparent tm-vc_cta3-icon-size-md tm-vc_cta3-actions-no tm-cta3-without-desc\"><div class=\"tm-vc_cta3_content-container\"><div class=\"tm-vc_cta3-content\"><div class=\"tm-vc_cta3-content-header tm-wrap\"><div class=\"tm-vc_cta3-headers tm-wrap-cell\"><h4 class=\"tm-custom-heading \" >PALACE CASINO<\/h4>\n<h2 class=\"tm-custom-heading \" >Texas Hold'em Poker VIP ROOM<\/h2>\n<\/div><div class=\"heading-seperator\"><span><\/span><\/div><\/div><\/div><\/div><\/div><\/section><\/div> <!-- .tm-element-heading-wrapper container --> [vc_column_text]<\/p>\n<p style=\"text-align: left;\">Palace Casino in Bucharest offers Texas Hold&#8217;em Poker <span class=\"word\" data-words=\"sau,s\u0103u,\u0219au\">or<\/span> Omaha Poker enthusiasts a private area specially designed for cash games in an exclusive and comfortable environment.<\/p>\n<p style=\"text-align: left;\">We are ready to organize Poker Tournaments under the supervision and professionalism of our team, offering you a high quality gaming experience.<\/p>\n<p style=\"text-align: left;\">In this private room, you will also<span class=\"word\" data-words=\"\u0219i,si\">find<\/span> a special restaurant table <span class=\"word modified\" data-words=\"destinat\u0103,destinata\">for<\/span> <span class=\"word\" data-words=\"relax\u0103rii,relaxarii\">relaxation<\/span>, where we can surprise you with our VIP Menu, offering you the <span class=\"word\" data-words=\"mai,m\u0103i,m\u00e2i\">most<\/span> delicious dishes to satisfy all your culinary tastes.<\/p>\n<p>[\/vc_column_text][\/vc_column][vc_column reduce_extra_padding=&#8221;991&#8243; tm_bgimage_position=&#8221;left_top&#8221; width=&#8221;1\/2&#8243; css=&#8221;.vc_custom_1689235773934{background-position: 0 0 !important;background-repeat: no-repeat !important;}&#8221; tm_responsive_css=&#8221;53366639|colbreak_no||||-1|||||colbreak_no|||||||||colbreak_no||||||||||colbreak_no|||||||||&#8221; offset=&#8221;vc_hidden-md vc_hidden-sm vc_hidden-xs&#8221;][vc_row_inner tm_responsive_css=&#8221;10182999|colbreak_no||-30|||||||colbreak_no||0|||||||colbreak_no||||||||||colbreak_no|||||||||&#8221;][vc_column_inner][vc_single_image image=&#8221;6935&#8243; img_size=&#8221;600&#215;520&#8243;][\/vc_column_inner][\/vc_row_inner][\/vc_column][\/vc_row][vc_row tm_bgimagefixed=&#8221;&#8221; break_in_responsive=&#8221;991&#8243; equal_height=&#8221;yes&#8221; css=&#8221;.vc_custom_1689235754577{padding-top: 100px !important;padding-bottom: 100px !important;}&#8221; tm_responsive_css=&#8221;97918774|colbreak_no|||||55||25||colbreak_no|||||||||colbreak_no||||||||||colbreak_no|||||||||&#8221; el_class=&#8221;vc_hidden-lg&#8221;][vc_column reduce_extra_padding=&#8221;991&#8243; css=&#8221;.vc_custom_1689235746409{padding-right: 50px !important;}&#8221; el_class=&#8221;tm-topleft-iconbox&#8221; tm_responsive_css=&#8221;40796190|colbreak_no||||||15||40|colbreak_no|||||30||||colbreak_no||||||||||colbreak_no|||||||||&#8221; offset=&#8221;vc_hidden-lg&#8221;]<div class=\"tm-element-heading-wrapper tm-heading-inner tm-element-align-center tm-seperator-center_icon tm-heading-style-vertical  vc_custom_1688032903700\"><section class=\"tm-vc_cta3-container\"><div class=\"tm-vc_general tm-vc_cta3 tm-cta3-only tm-vc_cta3-style-classic tm-vc_cta3-shape-rounded tm-vc_cta3-align-center tm-vc_cta3-color-transparent tm-vc_cta3-icon-size-md tm-vc_cta3-actions-no tm-cta3-without-desc\"><div class=\"tm-vc_cta3_content-container\"><div class=\"tm-vc_cta3-content\"><div class=\"tm-vc_cta3-content-header tm-wrap\"><div class=\"tm-vc_cta3-headers tm-wrap-cell\"><h4 class=\"tm-custom-heading \" >PALACE CASINO<\/h4>\n<h2 class=\"tm-custom-heading \" >Texas Hold'em Poker VIP ROOM<\/h2>\n<\/div><div class=\"heading-seperator\"><span><\/span><\/div><\/div><\/div><\/div><\/div><\/section><\/div> <!-- .tm-element-heading-wrapper container --> [vc_column_text]<\/p>\n<p style=\"text-align: left;\">Palace Casino in Bucharest offers Texas Hold&#8217;em Poker <span class=\"word\" data-words=\"sau,s\u0103u,\u0219au\">or<\/span> Omaha Poker enthusiasts a private area specially designed for cash games in an exclusive and comfortable environment.<\/p>\n<p style=\"text-align: left;\">We are ready to organize Poker Tournaments under the supervision and professionalism of our team, offering you a high quality gaming experience.<\/p>\n<p style=\"text-align: left;\">In this private room, you will also<span class=\"word\" data-words=\"\u0219i,si\">find<\/span> a special restaurant table <span class=\"word modified\" data-words=\"destinat\u0103,destinata\">for<\/span> <span class=\"word\" data-words=\"relax\u0103rii,relaxarii\">relaxation<\/span>, where we can surprise you with our VIP Menu, offering you the <span class=\"word\" data-words=\"mai,m\u0103i,m\u00e2i\">most<\/span> delicious dishes to satisfy all your culinary tastes.<\/p>\n<p>[\/vc_column_text][vc_single_image image=&#8221;6935&#8243; img_size=&#8221;600&#215;520&#8243; alignment=&#8221;center&#8221;][\/vc_column][\/vc_row]<\/p>\n<\/div>","protected":false},"excerpt":{"rendered":"<p>[vc_row tm_bgimagefixed=&#8221;&#8221; break_in_responsive=&#8221;991&#8243; equal_height=&#8221;yes&#8221; css=&#8221;.vc_custom_1689235667243{padding-top: 50px !important;padding-bottom: 100px !important;}&#8221; tm_responsive_css=&#8221;97918774|colbreak_no|||||55||25||colbreak_no|||||||||colbreak_no||||||||||colbreak_no|||||||||&#8221; el_class=&#8221;vc_hidden-md vc_hidden-sm vc_hidden-xs&#8221;][vc_column reduce_extra_padding=&#8221;991&#8243; width=&#8221;1\/2&#8243; css=&#8221;.vc_custom_1689235616299{padding-right: 50px !important;}&#8221; el_class=&#8221;tm-topleft-iconbox&#8221; tm_responsive_css=&#8221;40796190|colbreak_no||||||15||40|colbreak_no|||||30||||colbreak_no||||||||||colbreak_no|||||||||&#8221; offset=&#8221;vc_hidden-md vc_hidden-sm vc_hidden-xs&#8221;][vc_column_text]Located on the first floor of the impressive building on Calea Victoriei, this private salon has been specially designed to offer a unique experience. The unparalleled intimacy and excitement of the unlimited stakes &hellip; <a href=\"https:\/\/palacecasino.eu\/en\/vip-room\/\" class=\"more-link\">Continue reading <span class=\"screen-reader-text\">VIP ROOM<\/span><\/a><\/p>\n","protected":false},"author":1,"featured_media":0,"parent":0,"menu_order":0,"comment_status":"closed","ping_status":"closed","template":"","meta":{"footnotes":""},"class_list":["post-8055","page","type-page","status-publish","hentry"],"yoast_head":"<!-- This site is optimized with the Yoast SEO plugin v27.4 - https:\/\/yoast.com\/product\/yoast-seo-wordpress\/ -->\n<title>VIP Room at Palace Casino Bucharest<\/title>\n<meta name=\"description\" content=\"Exceed your limits and try your luck in a unique and intimate atmosphere at the VIP Room at Palace Casino Bucharest!\" \/>\n<meta name=\"robots\" content=\"index, follow, max-snippet:-1, max-image-preview:large, max-video-preview:-1\" \/>\n<link rel=\"canonical\" href=\"https:\/\/palacecasino.eu\/en\/vip-room\/\" \/>\n<meta property=\"og:locale\" content=\"en_US\" \/>\n<meta property=\"og:type\" content=\"article\" \/>\n<meta property=\"og:title\" content=\"VIP Room at Palace Casino Bucharest\" \/>\n<meta property=\"og:description\" content=\"Exceed your limits and try your luck in a unique and intimate atmosphere at the VIP Room at Palace Casino Bucharest!\" \/>\n<meta property=\"og:url\" content=\"https:\/\/palacecasino.eu\/en\/vip-room\/\" \/>\n<meta property=\"og:site_name\" content=\"Palace Casino\" \/>\n<meta property=\"article:modified_time\" content=\"2023-09-15T22:17:14+00:00\" \/>\n<meta name=\"twitter:card\" content=\"summary_large_image\" \/>\n<meta name=\"twitter:label1\" content=\"Est. reading time\" \/>\n\t<meta name=\"twitter:data1\" content=\"5 minutes\" \/>\n<script type=\"application\/ld+json\" class=\"yoast-schema-graph\">{\"@context\":\"https:\\\/\\\/schema.org\",\"@graph\":[{\"@type\":\"WebPage\",\"@id\":\"https:\\\/\\\/palacecasino.eu\\\/en\\\/vip-room\\\/\",\"url\":\"https:\\\/\\\/palacecasino.eu\\\/en\\\/vip-room\\\/\",\"name\":\"VIP Room at Palace Casino Bucharest\",\"isPartOf\":{\"@id\":\"https:\\\/\\\/palacecasino.eu\\\/en\\\/#website\"},\"datePublished\":\"2023-06-14T15:22:27+00:00\",\"dateModified\":\"2023-09-15T22:17:14+00:00\",\"description\":\"Exceed your limits and try your luck in a unique and intimate atmosphere at the VIP Room at Palace Casino Bucharest!\",\"breadcrumb\":{\"@id\":\"https:\\\/\\\/palacecasino.eu\\\/en\\\/vip-room\\\/#breadcrumb\"},\"inLanguage\":\"en-US\",\"potentialAction\":[{\"@type\":\"ReadAction\",\"target\":[\"https:\\\/\\\/palacecasino.eu\\\/en\\\/vip-room\\\/\"]}]},{\"@type\":\"BreadcrumbList\",\"@id\":\"https:\\\/\\\/palacecasino.eu\\\/en\\\/vip-room\\\/#breadcrumb\",\"itemListElement\":[{\"@type\":\"ListItem\",\"position\":1,\"name\":\"Prima pagin\u0103\",\"item\":\"https:\\\/\\\/palacecasino.eu\\\/en\\\/\"},{\"@type\":\"ListItem\",\"position\":2,\"name\":\"VIP ROOM\"}]},{\"@type\":\"WebSite\",\"@id\":\"https:\\\/\\\/palacecasino.eu\\\/en\\\/#website\",\"url\":\"https:\\\/\\\/palacecasino.eu\\\/en\\\/\",\"name\":\"Palace Casino\",\"description\":\"Live Casino &amp; Slots Machines at Casa Vernescu\",\"publisher\":{\"@id\":\"https:\\\/\\\/palacecasino.eu\\\/en\\\/#organization\"},\"potentialAction\":[{\"@type\":\"SearchAction\",\"target\":{\"@type\":\"EntryPoint\",\"urlTemplate\":\"https:\\\/\\\/palacecasino.eu\\\/en\\\/?s={search_term_string}\"},\"query-input\":{\"@type\":\"PropertyValueSpecification\",\"valueRequired\":true,\"valueName\":\"search_term_string\"}}],\"inLanguage\":\"en-US\"},{\"@type\":\"Organization\",\"@id\":\"https:\\\/\\\/palacecasino.eu\\\/en\\\/#organization\",\"name\":\"Palace Casino\",\"url\":\"https:\\\/\\\/palacecasino.eu\\\/en\\\/\",\"logo\":{\"@type\":\"ImageObject\",\"inLanguage\":\"en-US\",\"@id\":\"https:\\\/\\\/palacecasino.eu\\\/en\\\/#\\\/schema\\\/logo\\\/image\\\/\",\"url\":\"https:\\\/\\\/palacecasino.eu\\\/wp-content\\\/uploads\\\/2023\\\/04\\\/logo_1.png\",\"contentUrl\":\"https:\\\/\\\/palacecasino.eu\\\/wp-content\\\/uploads\\\/2023\\\/04\\\/logo_1.png\",\"width\":500,\"height\":100,\"caption\":\"Palace Casino\"},\"image\":{\"@id\":\"https:\\\/\\\/palacecasino.eu\\\/en\\\/#\\\/schema\\\/logo\\\/image\\\/\"}}]}<\/script>\n<!-- \/ Yoast SEO plugin. -->","yoast_head_json":{"title":"VIP Room at Palace Casino Bucharest","description":"Exceed your limits and try your luck in a unique and intimate atmosphere at the VIP Room at Palace Casino Bucharest!","robots":{"index":"index","follow":"follow","max-snippet":"max-snippet:-1","max-image-preview":"max-image-preview:large","max-video-preview":"max-video-preview:-1"},"canonical":"https:\/\/palacecasino.eu\/en\/vip-room\/","og_locale":"en_US","og_type":"article","og_title":"VIP Room at Palace Casino Bucharest","og_description":"Exceed your limits and try your luck in a unique and intimate atmosphere at the VIP Room at Palace Casino Bucharest!","og_url":"https:\/\/palacecasino.eu\/en\/vip-room\/","og_site_name":"Palace Casino","article_modified_time":"2023-09-15T22:17:14+00:00","twitter_card":"summary_large_image","twitter_misc":{"Est. reading time":"5 minutes"},"schema":{"@context":"https:\/\/schema.org","@graph":[{"@type":"WebPage","@id":"https:\/\/palacecasino.eu\/en\/vip-room\/","url":"https:\/\/palacecasino.eu\/en\/vip-room\/","name":"VIP Room at Palace Casino Bucharest","isPartOf":{"@id":"https:\/\/palacecasino.eu\/en\/#website"},"datePublished":"2023-06-14T15:22:27+00:00","dateModified":"2023-09-15T22:17:14+00:00","description":"Exceed your limits and try your luck in a unique and intimate atmosphere at the VIP Room at Palace Casino Bucharest!","breadcrumb":{"@id":"https:\/\/palacecasino.eu\/en\/vip-room\/#breadcrumb"},"inLanguage":"en-US","potentialAction":[{"@type":"ReadAction","target":["https:\/\/palacecasino.eu\/en\/vip-room\/"]}]},{"@type":"BreadcrumbList","@id":"https:\/\/palacecasino.eu\/en\/vip-room\/#breadcrumb","itemListElement":[{"@type":"ListItem","position":1,"name":"Prima pagin\u0103","item":"https:\/\/palacecasino.eu\/en\/"},{"@type":"ListItem","position":2,"name":"VIP ROOM"}]},{"@type":"WebSite","@id":"https:\/\/palacecasino.eu\/en\/#website","url":"https:\/\/palacecasino.eu\/en\/","name":"Palace Casino","description":"Live Casino &amp; Slots Machines at Casa Vernescu","publisher":{"@id":"https:\/\/palacecasino.eu\/en\/#organization"},"potentialAction":[{"@type":"SearchAction","target":{"@type":"EntryPoint","urlTemplate":"https:\/\/palacecasino.eu\/en\/?s={search_term_string}"},"query-input":{"@type":"PropertyValueSpecification","valueRequired":true,"valueName":"search_term_string"}}],"inLanguage":"en-US"},{"@type":"Organization","@id":"https:\/\/palacecasino.eu\/en\/#organization","name":"Palace Casino","url":"https:\/\/palacecasino.eu\/en\/","logo":{"@type":"ImageObject","inLanguage":"en-US","@id":"https:\/\/palacecasino.eu\/en\/#\/schema\/logo\/image\/","url":"https:\/\/palacecasino.eu\/wp-content\/uploads\/2023\/04\/logo_1.png","contentUrl":"https:\/\/palacecasino.eu\/wp-content\/uploads\/2023\/04\/logo_1.png","width":500,"height":100,"caption":"Palace Casino"},"image":{"@id":"https:\/\/palacecasino.eu\/en\/#\/schema\/logo\/image\/"}}]}},"_links":{"self":[{"href":"https:\/\/palacecasino.eu\/en\/wp-json\/wp\/v2\/pages\/8055","targetHints":{"allow":["GET"]}}],"collection":[{"href":"https:\/\/palacecasino.eu\/en\/wp-json\/wp\/v2\/pages"}],"about":[{"href":"https:\/\/palacecasino.eu\/en\/wp-json\/wp\/v2\/types\/page"}],"author":[{"embeddable":true,"href":"https:\/\/palacecasino.eu\/en\/wp-json\/wp\/v2\/users\/1"}],"replies":[{"embeddable":true,"href":"https:\/\/palacecasino.eu\/en\/wp-json\/wp\/v2\/comments?post=8055"}],"version-history":[{"count":0,"href":"https:\/\/palacecasino.eu\/en\/wp-json\/wp\/v2\/pages\/8055\/revisions"}],"wp:attachment":[{"href":"https:\/\/palacecasino.eu\/en\/wp-json\/wp\/v2\/media?parent=8055"}],"curies":[{"name":"wp","href":"https:\/\/api.w.org\/{rel}","templated":true}]}}